{"id":143,"date":"2018-01-15T14:26:13","date_gmt":"2018-01-15T13:26:13","guid":{"rendered":"http:\/\/www.rugby-ooe.at\/wp\/?page_id=143"},"modified":"2025-08-14T08:20:36","modified_gmt":"2025-08-14T06:20:36","slug":"vereine","status":"publish","type":"page","link":"http:\/\/www.rugby-ooe.at\/index.php\/vereine\/","title":{"rendered":"Vereine"},"content":{"rendered":"<p><strong>ASK\u00d6 Rugby Club Linz<\/strong><\/p>\n<p>Trainingsplatz: ASK\u00d6 Bewegungscenter, H\u00f6lderlinstra\u00dfe 26, 4040 Linz-Urfahr<br \/>\n<a href=\"http:\/\/rugbylinz.at\/\" target=\"_blank\" rel=\"noopener\">http:\/\/rugbylinz.at\/<\/a><br \/>\n<a href=\"https:\/\/www.facebook.com\/rclinz\/\" target=\"_blank\" rel=\"noopener\">RC Linz auf Facebook<\/a><br \/>\n<a href=\"https:\/\/www.instagram.com\/rugbyclublinz\/\">RC Linz auf Instagram<\/a><\/p>\n<p>Kontakt: <a href=\"mailto:christoph.kaltenboeck@gmail.com\">christoph.kaltenboeck@gmail.com<\/a><\/p>\n<p>Trainingszeiten Herbst (September bis Ende November) und Fr\u00fchjahr (Februar bis Ende Juni):<br \/>\nHerren:<br \/>\nDienstag, 18h30-20h00, ASK\u00d6 Bewegungscenter (H\u00f6lderlinstra\u00dfe 26, 4040 Linz-Urfahr)<br \/>\nDonnerstag, 18h30-20h00, ASK\u00d6 Bewegungscenter (H\u00f6lderlinstra\u00dfe 26, 4040 Linz-Urfahr)<\/p>\n<p>Jugend:<br \/>\nU8-U12 Burschen und M\u00e4dchen: Dienstag 18h00-19h00, ASK\u00d6 Bewegungscenter (H\u00f6lderlinstra\u00dfe 26, 4040 Linz-Urfahr)<br \/>\nU14-U18 Burschen und M\u00e4dchen: Dienstag 18h00-19h30, ASK\u00d6 Bewegungscenter (H\u00f6lderlinstra\u00dfe 26, 4040 Linz-Urfahr)<\/p>\n<p>Juli\/August: &#8222;Bewegt im Park&#8220;, jeden Dienstag 18h-19h am Beach-Platz auf der Urfahraner Donaul\u00e4nde (zwischen Eisenbahn- und Autobahn-Br\u00fccke)<br \/>\nF\u00fcr alle Altersklassen &#8211; Anf\u00e4nger\/innen sehr willkommen!<\/p>\n<p><strong>ASK\u00d6 Valkyries Women&#8217;s Rugby Club<\/strong><\/p>\n<p>Trainingsplatz: ASK\u00d6 Bewegungscenter, H\u00f6lderlinstra\u00dfe 26, 4040 Linz-Urfahr<br \/>\n<a href=\"https:\/\/valkyrieswrc.at\/\" target=\"_blank\" rel=\"noopener\">https:\/\/valkyrieswrc.at\/<\/a><br \/>\n<a href=\"https:\/\/www.facebook.com\/profile.php?id=100089934891642\" target=\"_blank\" rel=\"noopener\">Valkyries WRC auf Facebook<\/a><br \/>\n<a href=\"https:\/\/www.instagram.com\/valkyrieswrc_linz\/\">Valkyries WRC auf Instagram<\/a><\/p>\n<p>Kontakt: <a href=\"mailto:valkyries@valkyrieswrc.at\">valkyries@valkyrieswrc.at<\/a><\/p>\n<p>Trainingszeiten Herbst (September bis Ende November) und Fr\u00fchjahr (Februar bis Ende Juni):<br \/>\nFrauen:<br \/>\nDienstag, 18h30-20h00, ASK\u00d6 Bewegungscenter (H\u00f6lderlinstra\u00dfe 26, 4040 Linz-Urfahr) &#8211; mixed Training mit Herren<br \/>\nDonnerstag, 18h30-20h00, ASK\u00d6 Bewegungscenter (H\u00f6lderlinstra\u00dfe 26, 4040 Linz-Urfahr) &#8211; Women only!<\/p>\n<p><strong>Club Athletique Traunsee Rugby<\/strong><\/p>\n<p>Trainingsplatz: Br\u00e4uwiese, Aueck 4, 4801 Traunkirchen<br \/>\n<a href=\"http:\/\/www.ca-traunsee.at\/\" target=\"_blank\" rel=\"noopener\">http:\/\/www.ca-traunsee.at\/<\/a><br \/>\n<a href=\"https:\/\/www.facebook.com\/TraunseeRugby\/\" target=\"_blank\" rel=\"noopener\">CA Traunsee auf Facebook<\/a><br \/>\n<a href=\"https:\/\/www.instagram.com\/ca_traunsee_rugby\/\">CA Traunsee auf Instagram<\/a><\/p>\n<p>Kontakt: <a href=\"mailto:info@ca-traunsee.at\">info@ca-traunsee.at<\/a><\/p>\n<p>Trainingszeiten Fr\u00fchjahr\/Herbst:<br \/>\nHerren, Frauen und Jugend: Freitag, 19h-21h30, Sportplatz Br\u00e4uwiese (Aueck 4, 4801 Traunkirchen)<\/p>\n<p>Dezember bis Februar Hallen-Training (Termine auf Anfrage).<\/p>\n<p><strong>Rugby Hargelsberg<\/strong><\/p>\n<p>Sektion der DSG Sportunion Hargelsberg<br \/>\nTrainingsplatz: Union Hargelsberg, Sportplatzstra\u00dfe 1, 4483 Hargelsberg<br \/>\n<a href=\"http:\/\/hargelsberg-kids.rugby-ooe.at\/\" target=\"_blank\" rel=\"noopener\">http:\/\/hargelsberg-kids.rugby-ooe.at\/<\/a><br \/>\n<a href=\"https:\/\/www.facebook.com\/Hargelsberg\/\" target=\"_blank\" rel=\"noopener\">Rugby Hargelsberg auf Facebook<\/a><br \/>\n<a href=\"https:\/\/www.instagram.com\/rugby_hargelsberg4483\/\">Rugby Hargelsberg auf Instagram<\/a><\/p>\n<p>Kontakt: <a href=\"mailto:hargelsberg-kids@rugby-ooe.at\">hargelsberg-kids@rugby-ooe.at<\/a><\/p>\n<p>Trainingszeiten Fr\u00fchjahr\/Herbst:<br \/>\nU8-U12 Burschen und M\u00e4dchen: Mittwoch, 16h15-17h15, Sportplatz Hargelsberg (Sportplatzstra\u00dfe 1, 4483 Hargelsberg)<br \/>\nU14-U18 Burschen und M\u00e4dchen: Mittwoch, 17h45-19h15, Sportplatz Hargelsberg (Sportplatzstra\u00dfe 1, 4483 Hargelsberg)<\/p>\n<p>Im Winter (Dezember bis Februar) Hallen-Training in der VS Hargelsberg: Mittwoch, 15h45-16h45 und 16h45-17h45<br \/>\nTrainings-Pause in den Schulferien<\/p>\n<p><strong>Rugby Club Wels<\/strong><\/p>\n<p>Trainingsplatz: Sportplatz ESV, Flugplatzstra\u00dfe 8, 4600 Wels<br \/>\n<a href=\"https:\/\/www.facebook.com\/RugbyClubWels\/\" target=\"_blank\" rel=\"noopener\">RC Wels auf Facebook<\/a><br \/>\n<a href=\"https:\/\/www.instagram.com\/rugbyclubwels\/\">RC Wels auf Instagram<\/a><\/p>\n<p>Kontakt: <a href=\"mailto:rugbyclubwels@gmail.com\">rugbyclubwels@gmail.com<\/a><\/p>\n<p>Trainingszeiten Fr\u00fchjahr\/Herbst:<br \/>\nU8-U12 Burschen und M\u00e4dchen: Freitag, 18h30-19h30, Sportplatz ESV (Flugplatzstra\u00dfe 8, 4600 Wels)<br \/>\nHerren- und Frauen-Training beim RC Linz bzw. Valkyries WRC<\/p>\n<p><strong>TSV St. Georgen \/ Gusen<\/strong><\/p>\n<p>Trainingsplatz: Aktivpark, Tennisweg 4, 4222 St. Georgen an der Gusen<br \/>\n<a href=\"https:\/\/aktivpark4222.cc\/\" target=\"_blank\" rel=\"noopener\">https:\/\/aktivpark4222.cc\/<\/a><br \/>\n<a href=\"https:\/\/www.facebook.com\/TSVStGeorgen\" target=\"_blank\" rel=\"noopener\">TSV auf Facebook<\/a><br \/>\n<a href=\"https:\/\/www.instagram.com\/tsv_rugby\/\">TSV Rugby auf Instagram<\/a><\/p>\n<p>Kontakt: <a href=\"mailto:tsv.rugby.4222@gmail.com\">tsv.rugby.4222@gmail.com<\/a><\/p>\n<p>Trainingszeiten Fr\u00fchjahr\/Herbst:<br \/>\nU8-U10 Burschen und M\u00e4dchen: Montag, 17h30-18h30, Nebenplatz Aktivpark (Tennisweg 4, 4222 St. Georgen an der Gusen)<br \/>\nU12-U14 Burschen und M\u00e4dchen: Montag, 17h30-18h30, Nebenplatz Aktivpark (Tennisweg 4, 4222 St. Georgen an der Gusen)<\/p>\n<p>Im Winter (Dezember bis Februar) Hallen-Training im Aktivpark (Halle 1): Montag, 17h30-18h30<br \/>\nTrainings-Pause in den Schulferien<\/p>\n","protected":false},"excerpt":{"rendered":"<p>ASK\u00d6 Rugby Club Linz Trainingsplatz: ASK\u00d6 Bewegungscenter, H\u00f6lderlinstra\u00dfe 26, 4040 Linz-Urfahr http:\/\/rugbylinz.at\/ RC Linz auf Facebook RC Linz auf Instagram Kontakt: christoph.kaltenboeck@gmail.com Trainingszeiten Herbst (September bis Ende November) und Fr\u00fchjahr (Februar bis Ende Juni): Herren: Dienstag, 18h30-20h00, ASK\u00d6 Bewegungscenter (H\u00f6lderlinstra\u00dfe<\/p>\n","protected":false},"author":1,"featured_media":0,"parent":0,"menu_order":0,"comment_status":"closed","ping_status":"closed","template":"","meta":{"footnotes":""},"class_list":["post-143","page","type-page","status-publish","hentry"],"yoast_head":"<!-- This site is optimized with the Yoast SEO plugin v23.9 - https:\/\/yoast.com\/wordpress\/plugins\/seo\/ -->\n<title>Vereine - Rugby O\u00d6<\/title>\n<meta name=\"robots\" content=\"index, follow, max-snippet:-1, max-image-preview:large, max-video-preview:-1\" \/>\n<link rel=\"canonical\" href=\"http:\/\/www.rugby-ooe.at\/index.php\/vereine\/\" \/>\n<meta property=\"og:locale\" content=\"de_DE\" \/>\n<meta property=\"og:type\" content=\"article\" \/>\n<meta property=\"og:title\" content=\"Vereine - Rugby O\u00d6\" \/>\n<meta property=\"og:description\" content=\"ASK\u00d6 Rugby Club Linz Trainingsplatz: ASK\u00d6 Bewegungscenter, H\u00f6lderlinstra\u00dfe 26, 4040 Linz-Urfahr http:\/\/rugbylinz.at\/ RC Linz auf Facebook RC Linz auf Instagram Kontakt: christoph.kaltenboeck@gmail.com Trainingszeiten Herbst (September bis Ende November) und Fr\u00fchjahr (Februar bis Ende Juni): Herren: Dienstag, 18h30-20h00, ASK\u00d6 Bewegungscenter (H\u00f6lderlinstra\u00dfe\" \/>\n<meta property=\"og:url\" content=\"http:\/\/www.rugby-ooe.at\/index.php\/vereine\/\" \/>\n<meta property=\"og:site_name\" content=\"Rugby O\u00d6\" \/>\n<meta property=\"article:publisher\" content=\"https:\/\/www.facebook.com\/RugbyLFVOberoesterreich\" \/>\n<meta property=\"article:modified_time\" content=\"2025-08-14T06:20:36+00:00\" \/>\n<meta name=\"twitter:card\" content=\"summary_large_image\" \/>\n<meta name=\"twitter:label1\" content=\"Gesch\u00e4tzte Lesezeit\" \/>\n\t<meta name=\"twitter:data1\" content=\"3\u00a0Minuten\" \/>\n<script type=\"application\/ld+json\" class=\"yoast-schema-graph\">{\"@context\":\"https:\/\/schema.org\",\"@graph\":[{\"@type\":\"WebPage\",\"@id\":\"http:\/\/www.rugby-ooe.at\/index.php\/vereine\/\",\"url\":\"http:\/\/www.rugby-ooe.at\/index.php\/vereine\/\",\"name\":\"Vereine - Rugby O\u00d6\",\"isPartOf\":{\"@id\":\"http:\/\/www.rugby-ooe.at\/#website\"},\"datePublished\":\"2018-01-15T13:26:13+00:00\",\"dateModified\":\"2025-08-14T06:20:36+00:00\",\"breadcrumb\":{\"@id\":\"http:\/\/www.rugby-ooe.at\/index.php\/vereine\/#breadcrumb\"},\"inLanguage\":\"de\",\"potentialAction\":[{\"@type\":\"ReadAction\",\"target\":[\"http:\/\/www.rugby-ooe.at\/index.php\/vereine\/\"]}]},{\"@type\":\"BreadcrumbList\",\"@id\":\"http:\/\/www.rugby-ooe.at\/index.php\/vereine\/#breadcrumb\",\"itemListElement\":[{\"@type\":\"ListItem\",\"position\":1,\"name\":\"Home\",\"item\":\"http:\/\/www.rugby-ooe.at\/\"},{\"@type\":\"ListItem\",\"position\":2,\"name\":\"Vereine\"}]},{\"@type\":\"WebSite\",\"@id\":\"http:\/\/www.rugby-ooe.at\/#website\",\"url\":\"http:\/\/www.rugby-ooe.at\/\",\"name\":\"Rugby O\u00d6\",\"description\":\"Rugby Landesfachverband Ober\u00f6sterreich\",\"publisher\":{\"@id\":\"http:\/\/www.rugby-ooe.at\/#organization\"},\"potentialAction\":[{\"@type\":\"SearchAction\",\"target\":{\"@type\":\"EntryPoint\",\"urlTemplate\":\"http:\/\/www.rugby-ooe.at\/?s={search_term_string}\"},\"query-input\":{\"@type\":\"PropertyValueSpecification\",\"valueRequired\":true,\"valueName\":\"search_term_string\"}}],\"inLanguage\":\"de\"},{\"@type\":\"Organization\",\"@id\":\"http:\/\/www.rugby-ooe.at\/#organization\",\"name\":\"Rugby O\u00d6\",\"url\":\"http:\/\/www.rugby-ooe.at\/\",\"logo\":{\"@type\":\"ImageObject\",\"inLanguage\":\"de\",\"@id\":\"http:\/\/www.rugby-ooe.at\/#\/schema\/logo\/image\/\",\"url\":\"http:\/\/www.rugby-ooe.at\/wp\/wp-content\/uploads\/2018\/01\/LFV-Logo-1.png\",\"contentUrl\":\"http:\/\/www.rugby-ooe.at\/wp\/wp-content\/uploads\/2018\/01\/LFV-Logo-1.png\",\"width\":550,\"height\":550,\"caption\":\"Rugby O\u00d6\"},\"image\":{\"@id\":\"http:\/\/www.rugby-ooe.at\/#\/schema\/logo\/image\/\"},\"sameAs\":[\"https:\/\/www.facebook.com\/RugbyLFVOberoesterreich\",\"https:\/\/www.instagram.com\/rugby_ooe\/\"]}]}<\/script>\n<!-- \/ Yoast SEO plugin. -->","yoast_head_json":{"title":"Vereine - Rugby O\u00d6","robots":{"index":"index","follow":"follow","max-snippet":"max-snippet:-1","max-image-preview":"max-image-preview:large","max-video-preview":"max-video-preview:-1"},"canonical":"http:\/\/www.rugby-ooe.at\/index.php\/vereine\/","og_locale":"de_DE","og_type":"article","og_title":"Vereine - Rugby O\u00d6","og_description":"ASK\u00d6 Rugby Club Linz Trainingsplatz: ASK\u00d6 Bewegungscenter, H\u00f6lderlinstra\u00dfe 26, 4040 Linz-Urfahr http:\/\/rugbylinz.at\/ RC Linz auf Facebook RC Linz auf Instagram Kontakt: christoph.kaltenboeck@gmail.com Trainingszeiten Herbst (September bis Ende November) und Fr\u00fchjahr (Februar bis Ende Juni): Herren: Dienstag, 18h30-20h00, ASK\u00d6 Bewegungscenter (H\u00f6lderlinstra\u00dfe","og_url":"http:\/\/www.rugby-ooe.at\/index.php\/vereine\/","og_site_name":"Rugby O\u00d6","article_publisher":"https:\/\/www.facebook.com\/RugbyLFVOberoesterreich","article_modified_time":"2025-08-14T06:20:36+00:00","twitter_card":"summary_large_image","twitter_misc":{"Gesch\u00e4tzte Lesezeit":"3\u00a0Minuten"},"schema":{"@context":"https:\/\/schema.org","@graph":[{"@type":"WebPage","@id":"http:\/\/www.rugby-ooe.at\/index.php\/vereine\/","url":"http:\/\/www.rugby-ooe.at\/index.php\/vereine\/","name":"Vereine - Rugby O\u00d6","isPartOf":{"@id":"http:\/\/www.rugby-ooe.at\/#website"},"datePublished":"2018-01-15T13:26:13+00:00","dateModified":"2025-08-14T06:20:36+00:00","breadcrumb":{"@id":"http:\/\/www.rugby-ooe.at\/index.php\/vereine\/#breadcrumb"},"inLanguage":"de","potentialAction":[{"@type":"ReadAction","target":["http:\/\/www.rugby-ooe.at\/index.php\/vereine\/"]}]},{"@type":"BreadcrumbList","@id":"http:\/\/www.rugby-ooe.at\/index.php\/vereine\/#breadcrumb","itemListElement":[{"@type":"ListItem","position":1,"name":"Home","item":"http:\/\/www.rugby-ooe.at\/"},{"@type":"ListItem","position":2,"name":"Vereine"}]},{"@type":"WebSite","@id":"http:\/\/www.rugby-ooe.at\/#website","url":"http:\/\/www.rugby-ooe.at\/","name":"Rugby O\u00d6","description":"Rugby Landesfachverband Ober\u00f6sterreich","publisher":{"@id":"http:\/\/www.rugby-ooe.at\/#organization"},"potentialAction":[{"@type":"SearchAction","target":{"@type":"EntryPoint","urlTemplate":"http:\/\/www.rugby-ooe.at\/?s={search_term_string}"},"query-input":{"@type":"PropertyValueSpecification","valueRequired":true,"valueName":"search_term_string"}}],"inLanguage":"de"},{"@type":"Organization","@id":"http:\/\/www.rugby-ooe.at\/#organization","name":"Rugby O\u00d6","url":"http:\/\/www.rugby-ooe.at\/","logo":{"@type":"ImageObject","inLanguage":"de","@id":"http:\/\/www.rugby-ooe.at\/#\/schema\/logo\/image\/","url":"http:\/\/www.rugby-ooe.at\/wp\/wp-content\/uploads\/2018\/01\/LFV-Logo-1.png","contentUrl":"http:\/\/www.rugby-ooe.at\/wp\/wp-content\/uploads\/2018\/01\/LFV-Logo-1.png","width":550,"height":550,"caption":"Rugby O\u00d6"},"image":{"@id":"http:\/\/www.rugby-ooe.at\/#\/schema\/logo\/image\/"},"sameAs":["https:\/\/www.facebook.com\/RugbyLFVOberoesterreich","https:\/\/www.instagram.com\/rugby_ooe\/"]}]}},"_links":{"self":[{"href":"http:\/\/www.rugby-ooe.at\/index.php\/wp-json\/wp\/v2\/pages\/143"}],"collection":[{"href":"http:\/\/www.rugby-ooe.at\/index.php\/wp-json\/wp\/v2\/pages"}],"about":[{"href":"http:\/\/www.rugby-ooe.at\/index.php\/wp-json\/wp\/v2\/types\/page"}],"author":[{"embeddable":true,"href":"http:\/\/www.rugby-ooe.at\/index.php\/wp-json\/wp\/v2\/users\/1"}],"replies":[{"embeddable":true,"href":"http:\/\/www.rugby-ooe.at\/index.php\/wp-json\/wp\/v2\/comments?post=143"}],"version-history":[{"count":30,"href":"http:\/\/www.rugby-ooe.at\/index.php\/wp-json\/wp\/v2\/pages\/143\/revisions"}],"predecessor-version":[{"id":896,"href":"http:\/\/www.rugby-ooe.at\/index.php\/wp-json\/wp\/v2\/pages\/143\/revisions\/896"}],"wp:attachment":[{"href":"http:\/\/www.rugby-ooe.at\/index.php\/wp-json\/wp\/v2\/media?parent=143"}],"curies":[{"name":"wp","href":"https:\/\/api.w.org\/{rel}","templated":true}]}}