{"id":15,"date":"2018-01-14T09:59:07","date_gmt":"2018-01-14T08:59:07","guid":{"rendered":"http:\/\/www.rugby-ooe.at\/wp\/?page_id=15"},"modified":"2023-11-16T11:59:14","modified_gmt":"2023-11-16T10:59:14","slug":"landesverband","status":"publish","type":"page","link":"http:\/\/www.rugby-ooe.at\/index.php\/landesverband\/","title":{"rendered":"Landesverband"},"content":{"rendered":"<blockquote><p>Zweck des Vereins ist die F\u00f6rderung und Verbreitung des Rugby-Sports in Ober\u00f6sterreich.<\/p><\/blockquote>\n<p>So wird in \u00a72 der Statuten der Zweck und das Ziel des Rugby Landesfachverbands O\u00d6 beschrieben. Der Verband wurde bereits 2005 gegr\u00fcndet, hatte mit dem RC Linz (ehemals 1.ORSC) aber lange Zeit nur einen aktiven Mitglieds-Verein vorzuweisen. Erst 2017 mit der Etablierung des CA Traunsee als eigenst\u00e4ndiger Verein und der Neugr\u00fcndung des RUC Hargelsberg wurden die Voraussetzungen geschaffen, den Landesfachverband zu beleben und eine Aufnahme in die Landessportorganisation O\u00d6 anzustreben.<\/p>\n<p>Die ersten Schritte 2017 waren eine Neu-Strukturierung des Verbands inklusiver moderner Statuten, eine Neuwahl des Vorstands und die erstmalige Ausrichtung eines ober\u00f6sterreichischen Rugby Landesbewerbs. Am 15. Juli 2017 wurde Martin K\u00fchr zum neuen Pr\u00e4sidenten des Landesfachverbands gew\u00e4hlt, Vize-Pr\u00e4sident\/innen sind aktuell Edith Aicher, Stefan Rothschedl, Moritz Rabelsberger und Wolfgang Lohr. Am selben Tag wurde auch bereits der erste Turniertag des neu gegr\u00fcndeten Jungmann Cup gespielt, einem ober\u00f6sterreichischen 7s Bewerb, benannt nach dem Begr\u00fcnder von Rugby in O\u00d6 Jaromir Jungmann.<\/p>\n<p>Bei einer au\u00dferordentlichen Generalversammlung am 9. September 2017 wurden neu ausgearbeitete Statuten und eine moderne Verbands-Struktur beschlossen. Weiters wurden Ziele und Ma\u00dfnahmen f\u00fcr die folgenden drei Jahre in Form eines <a href=\"http:\/\/www.rugby-ooe.at\/wp-content\/uploads\/2018\/01\/Strategieplan-Rugby-O\u00d6-2020.pdf\">Strategieplans f\u00fcr das O\u00d6 Rugby<\/a> formuliert. Damit wurden alle Voraussetzungen f\u00fcr eine Aufnahme in die Landessportorganisation O\u00d6 geschaffen, welche per 1.1.2018 erfolgte und den letzten wichtigen Schritt zur Anerkennung von Rugby als vollwertige Sportart in O\u00d6 darstellte.<\/p>\n<p>Der Rugby Landesfachverband sieht seine Hauptaufgaben in der organisatorischen Unterst\u00fctzung seiner Mitgliedsvereine, in der weiteren Verbreitung von Rugby in O\u00d6 durch die Gr\u00fcndung neuer Vereine, sowie in der F\u00f6rderung des Rugby-Sports durch Ausbildung, Nachwuchsarbeit und Schulsport. Zudem wurde der Jungmann Cup 2018 zu einer 7s Landesmeisterschaft aufgewertet und durch die Bildung von ober\u00f6sterreichischen Auswahl-Teams, die an den \u00f6sterreichischen Meisterschaften im 10s und 15s Rugby teilnehmen, wird das Niveau in diesen Disziplinen gehoben.<\/p>\n","protected":false},"excerpt":{"rendered":"<p>Zweck des Vereins ist die F\u00f6rderung und Verbreitung des Rugby-Sports in Ober\u00f6sterreich. So wird in \u00a72 der Statuten der Zweck und das Ziel des Rugby Landesfachverbands O\u00d6 beschrieben. Der Verband wurde bereits 2005 gegr\u00fcndet, hatte mit dem RC Linz (ehemals<\/p>\n","protected":false},"author":1,"featured_media":0,"parent":0,"menu_order":0,"comment_status":"closed","ping_status":"closed","template":"","meta":{"footnotes":""},"class_list":["post-15","page","type-page","status-publish","hentry"],"yoast_head":"<!-- This site is optimized with the Yoast SEO plugin v23.9 - https:\/\/yoast.com\/wordpress\/plugins\/seo\/ -->\n<title>Landesverband - Rugby O\u00d6<\/title>\n<meta name=\"robots\" content=\"index, follow, max-snippet:-1, max-image-preview:large, max-video-preview:-1\" \/>\n<link rel=\"canonical\" href=\"http:\/\/www.rugby-ooe.at\/index.php\/landesverband\/\" \/>\n<meta property=\"og:locale\" content=\"de_DE\" \/>\n<meta property=\"og:type\" content=\"article\" \/>\n<meta property=\"og:title\" content=\"Landesverband - Rugby O\u00d6\" \/>\n<meta property=\"og:description\" content=\"Zweck des Vereins ist die F\u00f6rderung und Verbreitung des Rugby-Sports in Ober\u00f6sterreich. So wird in \u00a72 der Statuten der Zweck und das Ziel des Rugby Landesfachverbands O\u00d6 beschrieben. Der Verband wurde bereits 2005 gegr\u00fcndet, hatte mit dem RC Linz (ehemals\" \/>\n<meta property=\"og:url\" content=\"http:\/\/www.rugby-ooe.at\/index.php\/landesverband\/\" \/>\n<meta property=\"og:site_name\" content=\"Rugby O\u00d6\" \/>\n<meta property=\"article:publisher\" content=\"https:\/\/www.facebook.com\/RugbyLFVOberoesterreich\" \/>\n<meta property=\"article:modified_time\" content=\"2023-11-16T10:59:14+00:00\" \/>\n<meta name=\"twitter:card\" content=\"summary_large_image\" \/>\n<meta name=\"twitter:label1\" content=\"Gesch\u00e4tzte Lesezeit\" \/>\n\t<meta name=\"twitter:data1\" content=\"2\u00a0Minuten\" \/>\n<script type=\"application\/ld+json\" class=\"yoast-schema-graph\">{\"@context\":\"https:\/\/schema.org\",\"@graph\":[{\"@type\":\"WebPage\",\"@id\":\"http:\/\/www.rugby-ooe.at\/index.php\/landesverband\/\",\"url\":\"http:\/\/www.rugby-ooe.at\/index.php\/landesverband\/\",\"name\":\"Landesverband - Rugby O\u00d6\",\"isPartOf\":{\"@id\":\"http:\/\/www.rugby-ooe.at\/#website\"},\"datePublished\":\"2018-01-14T08:59:07+00:00\",\"dateModified\":\"2023-11-16T10:59:14+00:00\",\"breadcrumb\":{\"@id\":\"http:\/\/www.rugby-ooe.at\/index.php\/landesverband\/#breadcrumb\"},\"inLanguage\":\"de\",\"potentialAction\":[{\"@type\":\"ReadAction\",\"target\":[\"http:\/\/www.rugby-ooe.at\/index.php\/landesverband\/\"]}]},{\"@type\":\"BreadcrumbList\",\"@id\":\"http:\/\/www.rugby-ooe.at\/index.php\/landesverband\/#breadcrumb\",\"itemListElement\":[{\"@type\":\"ListItem\",\"position\":1,\"name\":\"Home\",\"item\":\"http:\/\/www.rugby-ooe.at\/\"},{\"@type\":\"ListItem\",\"position\":2,\"name\":\"Landesverband\"}]},{\"@type\":\"WebSite\",\"@id\":\"http:\/\/www.rugby-ooe.at\/#website\",\"url\":\"http:\/\/www.rugby-ooe.at\/\",\"name\":\"Rugby O\u00d6\",\"description\":\"Rugby Landesfachverband Ober\u00f6sterreich\",\"publisher\":{\"@id\":\"http:\/\/www.rugby-ooe.at\/#organization\"},\"potentialAction\":[{\"@type\":\"SearchAction\",\"target\":{\"@type\":\"EntryPoint\",\"urlTemplate\":\"http:\/\/www.rugby-ooe.at\/?s={search_term_string}\"},\"query-input\":{\"@type\":\"PropertyValueSpecification\",\"valueRequired\":true,\"valueName\":\"search_term_string\"}}],\"inLanguage\":\"de\"},{\"@type\":\"Organization\",\"@id\":\"http:\/\/www.rugby-ooe.at\/#organization\",\"name\":\"Rugby O\u00d6\",\"url\":\"http:\/\/www.rugby-ooe.at\/\",\"logo\":{\"@type\":\"ImageObject\",\"inLanguage\":\"de\",\"@id\":\"http:\/\/www.rugby-ooe.at\/#\/schema\/logo\/image\/\",\"url\":\"http:\/\/www.rugby-ooe.at\/wp\/wp-content\/uploads\/2018\/01\/LFV-Logo-1.png\",\"contentUrl\":\"http:\/\/www.rugby-ooe.at\/wp\/wp-content\/uploads\/2018\/01\/LFV-Logo-1.png\",\"width\":550,\"height\":550,\"caption\":\"Rugby O\u00d6\"},\"image\":{\"@id\":\"http:\/\/www.rugby-ooe.at\/#\/schema\/logo\/image\/\"},\"sameAs\":[\"https:\/\/www.facebook.com\/RugbyLFVOberoesterreich\",\"https:\/\/www.instagram.com\/rugby_ooe\/\"]}]}<\/script>\n<!-- \/ Yoast SEO plugin. -->","yoast_head_json":{"title":"Landesverband - Rugby O\u00d6","robots":{"index":"index","follow":"follow","max-snippet":"max-snippet:-1","max-image-preview":"max-image-preview:large","max-video-preview":"max-video-preview:-1"},"canonical":"http:\/\/www.rugby-ooe.at\/index.php\/landesverband\/","og_locale":"de_DE","og_type":"article","og_title":"Landesverband - Rugby O\u00d6","og_description":"Zweck des Vereins ist die F\u00f6rderung und Verbreitung des Rugby-Sports in Ober\u00f6sterreich. So wird in \u00a72 der Statuten der Zweck und das Ziel des Rugby Landesfachverbands O\u00d6 beschrieben. Der Verband wurde bereits 2005 gegr\u00fcndet, hatte mit dem RC Linz (ehemals","og_url":"http:\/\/www.rugby-ooe.at\/index.php\/landesverband\/","og_site_name":"Rugby O\u00d6","article_publisher":"https:\/\/www.facebook.com\/RugbyLFVOberoesterreich","article_modified_time":"2023-11-16T10:59:14+00:00","twitter_card":"summary_large_image","twitter_misc":{"Gesch\u00e4tzte Lesezeit":"2\u00a0Minuten"},"schema":{"@context":"https:\/\/schema.org","@graph":[{"@type":"WebPage","@id":"http:\/\/www.rugby-ooe.at\/index.php\/landesverband\/","url":"http:\/\/www.rugby-ooe.at\/index.php\/landesverband\/","name":"Landesverband - Rugby O\u00d6","isPartOf":{"@id":"http:\/\/www.rugby-ooe.at\/#website"},"datePublished":"2018-01-14T08:59:07+00:00","dateModified":"2023-11-16T10:59:14+00:00","breadcrumb":{"@id":"http:\/\/www.rugby-ooe.at\/index.php\/landesverband\/#breadcrumb"},"inLanguage":"de","potentialAction":[{"@type":"ReadAction","target":["http:\/\/www.rugby-ooe.at\/index.php\/landesverband\/"]}]},{"@type":"BreadcrumbList","@id":"http:\/\/www.rugby-ooe.at\/index.php\/landesverband\/#breadcrumb","itemListElement":[{"@type":"ListItem","position":1,"name":"Home","item":"http:\/\/www.rugby-ooe.at\/"},{"@type":"ListItem","position":2,"name":"Landesverband"}]},{"@type":"WebSite","@id":"http:\/\/www.rugby-ooe.at\/#website","url":"http:\/\/www.rugby-ooe.at\/","name":"Rugby O\u00d6","description":"Rugby Landesfachverband Ober\u00f6sterreich","publisher":{"@id":"http:\/\/www.rugby-ooe.at\/#organization"},"potentialAction":[{"@type":"SearchAction","target":{"@type":"EntryPoint","urlTemplate":"http:\/\/www.rugby-ooe.at\/?s={search_term_string}"},"query-input":{"@type":"PropertyValueSpecification","valueRequired":true,"valueName":"search_term_string"}}],"inLanguage":"de"},{"@type":"Organization","@id":"http:\/\/www.rugby-ooe.at\/#organization","name":"Rugby O\u00d6","url":"http:\/\/www.rugby-ooe.at\/","logo":{"@type":"ImageObject","inLanguage":"de","@id":"http:\/\/www.rugby-ooe.at\/#\/schema\/logo\/image\/","url":"http:\/\/www.rugby-ooe.at\/wp\/wp-content\/uploads\/2018\/01\/LFV-Logo-1.png","contentUrl":"http:\/\/www.rugby-ooe.at\/wp\/wp-content\/uploads\/2018\/01\/LFV-Logo-1.png","width":550,"height":550,"caption":"Rugby O\u00d6"},"image":{"@id":"http:\/\/www.rugby-ooe.at\/#\/schema\/logo\/image\/"},"sameAs":["https:\/\/www.facebook.com\/RugbyLFVOberoesterreich","https:\/\/www.instagram.com\/rugby_ooe\/"]}]}},"_links":{"self":[{"href":"http:\/\/www.rugby-ooe.at\/index.php\/wp-json\/wp\/v2\/pages\/15"}],"collection":[{"href":"http:\/\/www.rugby-ooe.at\/index.php\/wp-json\/wp\/v2\/pages"}],"about":[{"href":"http:\/\/www.rugby-ooe.at\/index.php\/wp-json\/wp\/v2\/types\/page"}],"author":[{"embeddable":true,"href":"http:\/\/www.rugby-ooe.at\/index.php\/wp-json\/wp\/v2\/users\/1"}],"replies":[{"embeddable":true,"href":"http:\/\/www.rugby-ooe.at\/index.php\/wp-json\/wp\/v2\/comments?post=15"}],"version-history":[{"count":6,"href":"http:\/\/www.rugby-ooe.at\/index.php\/wp-json\/wp\/v2\/pages\/15\/revisions"}],"predecessor-version":[{"id":838,"href":"http:\/\/www.rugby-ooe.at\/index.php\/wp-json\/wp\/v2\/pages\/15\/revisions\/838"}],"wp:attachment":[{"href":"http:\/\/www.rugby-ooe.at\/index.php\/wp-json\/wp\/v2\/media?parent=15"}],"curies":[{"name":"wp","href":"https:\/\/api.w.org\/{rel}","templated":true}]}}