{"id":17,"date":"2018-01-14T09:59:07","date_gmt":"2018-01-14T08:59:07","guid":{"rendered":"http:\/\/www.rugby-ooe.at\/wp\/?page_id=17"},"modified":"2025-08-13T09:48:40","modified_gmt":"2025-08-13T07:48:40","slug":"schulrugby","status":"publish","type":"page","link":"http:\/\/www.rugby-ooe.at\/index.php\/schulrugby\/","title":{"rendered":"Schulrugby"},"content":{"rendered":"<div id='gallery-1' class='gallery galleryid-17 gallery-columns-3 gallery-size-medium'><figure class='gallery-item'>\n\t\t\t<div class='gallery-icon landscape'>\n\t\t\t\t<a href='http:\/\/www.rugby-ooe.at\/wp-content\/uploads\/2018\/01\/2017-09-28_maedchen.jpg' title=\"\" data-rl_title=\"\" class=\"rl-gallery-link\" data-rl_caption=\"\" data-rel=\"lightbox-gallery-1\"><img loading=\"lazy\" decoding=\"async\" width=\"300\" height=\"225\" src=\"http:\/\/www.rugby-ooe.at\/wp-content\/uploads\/2018\/01\/2017-09-28_maedchen-300x225.jpg\" class=\"attachment-medium size-medium\" alt=\"M\u00e4dchen Aktions-Tag 2017 in Linz\" aria-describedby=\"gallery-1-79\" srcset=\"http:\/\/www.rugby-ooe.at\/wp-content\/uploads\/2018\/01\/2017-09-28_maedchen-300x225.jpg 300w, http:\/\/www.rugby-ooe.at\/wp-content\/uploads\/2018\/01\/2017-09-28_maedchen-768x576.jpg 768w, http:\/\/www.rugby-ooe.at\/wp-content\/uploads\/2018\/01\/2017-09-28_maedchen-1024x768.jpg 1024w, http:\/\/www.rugby-ooe.at\/wp-content\/uploads\/2018\/01\/2017-09-28_maedchen.jpg 1440w\" sizes=\"(max-width: 300px) 100vw, 300px\" \/><\/a>\n\t\t\t<\/div>\n\t\t\t\t<figcaption class='wp-caption-text gallery-caption' id='gallery-1-79'>\n\t\t\t\tM\u00e4dchen Aktions-Tag in Linz\n\t\t\t\t<\/figcaption><\/figure><figure class='gallery-item'>\n\t\t\t<div class='gallery-icon landscape'>\n\t\t\t\t<a href='http:\/\/www.rugby-ooe.at\/wp-content\/uploads\/2018\/01\/2017-11-17_donau_rams.jpg' title=\"\" data-rl_title=\"\" class=\"rl-gallery-link\" data-rl_caption=\"\" data-rel=\"lightbox-gallery-1\"><img loading=\"lazy\" decoding=\"async\" width=\"300\" height=\"200\" src=\"http:\/\/www.rugby-ooe.at\/wp-content\/uploads\/2018\/01\/2017-11-17_donau_rams-300x200.jpg\" class=\"attachment-medium size-medium\" alt=\"U14 Schulteam BRG Ramsauer\" aria-describedby=\"gallery-1-46\" srcset=\"http:\/\/www.rugby-ooe.at\/wp-content\/uploads\/2018\/01\/2017-11-17_donau_rams-300x200.jpg 300w, http:\/\/www.rugby-ooe.at\/wp-content\/uploads\/2018\/01\/2017-11-17_donau_rams-768x512.jpg 768w, http:\/\/www.rugby-ooe.at\/wp-content\/uploads\/2018\/01\/2017-11-17_donau_rams-1024x683.jpg 1024w, http:\/\/www.rugby-ooe.at\/wp-content\/uploads\/2018\/01\/2017-11-17_donau_rams.jpg 1600w\" sizes=\"(max-width: 300px) 100vw, 300px\" \/><\/a>\n\t\t\t<\/div>\n\t\t\t\t<figcaption class='wp-caption-text gallery-caption' id='gallery-1-46'>\n\t\t\t\tU14 Schulteam BRG Ramsauer\n\t\t\t\t<\/figcaption><\/figure><figure class='gallery-item'>\n\t\t\t<div class='gallery-icon landscape'>\n\t\t\t\t<a href='http:\/\/www.rugby-ooe.at\/wp-content\/uploads\/2018\/01\/slider2.jpg' title=\"\" data-rl_title=\"\" class=\"rl-gallery-link\" data-rl_caption=\"\" data-rel=\"lightbox-gallery-1\"><img loading=\"lazy\" decoding=\"async\" width=\"300\" height=\"150\" src=\"http:\/\/www.rugby-ooe.at\/wp-content\/uploads\/2018\/01\/slider2-300x150.jpg\" class=\"attachment-medium size-medium\" alt=\"Kinderrugby RUC Hargelsberg\" aria-describedby=\"gallery-1-50\" srcset=\"http:\/\/www.rugby-ooe.at\/wp-content\/uploads\/2018\/01\/slider2-300x150.jpg 300w, http:\/\/www.rugby-ooe.at\/wp-content\/uploads\/2018\/01\/slider2-768x384.jpg 768w, http:\/\/www.rugby-ooe.at\/wp-content\/uploads\/2018\/01\/slider2-1024x512.jpg 1024w, http:\/\/www.rugby-ooe.at\/wp-content\/uploads\/2018\/01\/slider2.jpg 1200w\" sizes=\"(max-width: 300px) 100vw, 300px\" \/><\/a>\n\t\t\t<\/div>\n\t\t\t\t<figcaption class='wp-caption-text gallery-caption' id='gallery-1-50'>\n\t\t\t\tKinderrugby DSG Hargelsberg\n\t\t\t\t<\/figcaption><\/figure>\n\t\t<\/div>\n\n<p>In O\u00d6 l\u00e4uft bereits seit einigen Jahren eine Schulrugby-Offensive mit dem erkl\u00e4rten Ziel, Schul-Rugby-Teams in allen Altersklassen von U6 bis U18 zu bilden. \u00dcber 500 Kinder konnten jeweils in den letzten Jahren im Zuge von Schnupper-Einheiten bereits Rugby ausprobieren. Unsere Vision ist, dass Rugby in Ober\u00f6sterreichs Schulen fl\u00e4chendeckend Fu\u00df fasst und jedes Kind in der Schule unseren Sport kennen lernt.<\/p>\n<p>Rugby ist in vielen L\u00e4ndern bereits als Schulsport etabliert. Rugby bzw. Rugby-bezogene Spiele und \u00dcbungen k\u00f6nnen leicht im Unterricht eingesetzt werden, da der Material-Aufwand relativ gering ist (ein Rugby-Ball und ein markiertes Spielfeld sind bereits ausreichend) und das Regelwerk an den Entwicklungsstand und die Rugby-Vorkenntnisse der Kinder angepasst werden kann. Es gibt mehrere f\u00fcr den Regelunterricht geeignete kontaktlose (Tag-Rugby) und kontaktarme (Touch-Rugby) Varianten des Rugby-Spiels. Beim Rugby wird neben der Motorik und Kondition vor allem die soziale Interaktion der Sch\u00fclerinnen und Sch\u00fcler gef\u00f6rdert &#8211; Rugby ist ein Sport, bei dem das Team im Vordergrund steht und man nur gemeinsam als Team erfolgreich sein kann. Respekt und Solidarit\u00e4t stehen im Vordergrund.<\/p>\n<p>Neben Schnupperstunden im Unterricht bieten wir interessierten Lehrer\/innen zahlreiche \u00dcbungs- und Spiel-Unterlagen, Trainings-Equipment und M\u00f6glichkeiten zur Fortbildung. Bei Interesse, Rugby auch an Ihrer Schule zu pr\u00e4sentieren bzw. aktiv im Unterricht einzusetzen, <a href=\"http:\/\/www.rugby-ooe.at\/index.php\/kontakt\/\">melden Sie sich einfach bei uns<\/a>.<\/p>\n<p><b>Schulcup<\/b><\/p>\n<p>F\u00fcr interessierte Schulen bietet der Rugby Landesfachverband O\u00d6 geleitete Unterrichtseinheiten zur Einf\u00fchrung von Tag-Rugby. In gef\u00fchrten Unterrichtseinheiten geben ausgebildete Rugby-Trainer\/innen den Sch\u00fcler\/innen und P\u00e4dagog\/innen eine Einf\u00fchrung in die Sportart. Nach Abschluss des Programms ist es den Teilnehmer\/innen m\u00f6glich, am j\u00e4hrlichen Rugby O\u00d6 Schulcup teilzunehmen.<\/p>\n<p>Details zum Schulprogramm und allgemein zu Rugby als Schulsport finden Sie in den Downloads.<\/p>\n<p><strong>Downloads<\/strong><br \/>\n<a href=\"http:\/\/www.rugby-ooe.at\/wp-content\/uploads\/2019\/01\/Rugby-als-Schulsport.pdf\">Rugby als Schulsport<\/a><br \/>\n<a href=\"http:\/\/www.rugby-ooe.at\/wp-content\/uploads\/2019\/01\/OK-Rugby-Regeln.pdf\">OK Rugby Regeln<\/a><\/p>\n","protected":false},"excerpt":{"rendered":"<p>In O\u00d6 l\u00e4uft bereits seit einigen Jahren eine Schulrugby-Offensive mit dem erkl\u00e4rten Ziel, Schul-Rugby-Teams in allen Altersklassen von U6 bis U18 zu bilden. \u00dcber 500 Kinder konnten jeweils in den letzten Jahren im Zuge von Schnupper-Einheiten bereits Rugby ausprobieren. Unsere<\/p>\n","protected":false},"author":1,"featured_media":0,"parent":0,"menu_order":0,"comment_status":"closed","ping_status":"closed","template":"","meta":{"footnotes":""},"class_list":["post-17","page","type-page","status-publish","hentry"],"yoast_head":"<!-- This site is optimized with the Yoast SEO plugin v23.9 - https:\/\/yoast.com\/wordpress\/plugins\/seo\/ -->\n<title>Schulrugby - Rugby O\u00d6<\/title>\n<meta name=\"robots\" content=\"index, follow, max-snippet:-1, max-image-preview:large, max-video-preview:-1\" \/>\n<link rel=\"canonical\" href=\"http:\/\/www.rugby-ooe.at\/index.php\/schulrugby\/\" \/>\n<meta property=\"og:locale\" content=\"de_DE\" \/>\n<meta property=\"og:type\" content=\"article\" \/>\n<meta property=\"og:title\" content=\"Schulrugby - Rugby O\u00d6\" \/>\n<meta property=\"og:description\" content=\"In O\u00d6 l\u00e4uft bereits seit einigen Jahren eine Schulrugby-Offensive mit dem erkl\u00e4rten Ziel, Schul-Rugby-Teams in allen Altersklassen von U6 bis U18 zu bilden. \u00dcber 500 Kinder konnten jeweils in den letzten Jahren im Zuge von Schnupper-Einheiten bereits Rugby ausprobieren. Unsere\" \/>\n<meta property=\"og:url\" content=\"http:\/\/www.rugby-ooe.at\/index.php\/schulrugby\/\" \/>\n<meta property=\"og:site_name\" content=\"Rugby O\u00d6\" \/>\n<meta property=\"article:publisher\" content=\"https:\/\/www.facebook.com\/RugbyLFVOberoesterreich\" \/>\n<meta property=\"article:modified_time\" content=\"2025-08-13T07:48:40+00:00\" \/>\n<meta property=\"og:image\" content=\"http:\/\/www.rugby-ooe.at\/wp-content\/uploads\/2018\/01\/2017-09-28_maedchen-300x225.jpg\" \/>\n<meta name=\"twitter:card\" content=\"summary_large_image\" \/>\n<meta name=\"twitter:label1\" content=\"Gesch\u00e4tzte Lesezeit\" \/>\n\t<meta name=\"twitter:data1\" content=\"2\u00a0Minuten\" \/>\n<script type=\"application\/ld+json\" class=\"yoast-schema-graph\">{\"@context\":\"https:\/\/schema.org\",\"@graph\":[{\"@type\":\"WebPage\",\"@id\":\"http:\/\/www.rugby-ooe.at\/index.php\/schulrugby\/\",\"url\":\"http:\/\/www.rugby-ooe.at\/index.php\/schulrugby\/\",\"name\":\"Schulrugby - Rugby O\u00d6\",\"isPartOf\":{\"@id\":\"http:\/\/www.rugby-ooe.at\/#website\"},\"datePublished\":\"2018-01-14T08:59:07+00:00\",\"dateModified\":\"2025-08-13T07:48:40+00:00\",\"breadcrumb\":{\"@id\":\"http:\/\/www.rugby-ooe.at\/index.php\/schulrugby\/#breadcrumb\"},\"inLanguage\":\"de\",\"potentialAction\":[{\"@type\":\"ReadAction\",\"target\":[\"http:\/\/www.rugby-ooe.at\/index.php\/schulrugby\/\"]}]},{\"@type\":\"BreadcrumbList\",\"@id\":\"http:\/\/www.rugby-ooe.at\/index.php\/schulrugby\/#breadcrumb\",\"itemListElement\":[{\"@type\":\"ListItem\",\"position\":1,\"name\":\"Home\",\"item\":\"http:\/\/www.rugby-ooe.at\/\"},{\"@type\":\"ListItem\",\"position\":2,\"name\":\"Schulrugby\"}]},{\"@type\":\"WebSite\",\"@id\":\"http:\/\/www.rugby-ooe.at\/#website\",\"url\":\"http:\/\/www.rugby-ooe.at\/\",\"name\":\"Rugby O\u00d6\",\"description\":\"Rugby Landesfachverband Ober\u00f6sterreich\",\"publisher\":{\"@id\":\"http:\/\/www.rugby-ooe.at\/#organization\"},\"potentialAction\":[{\"@type\":\"SearchAction\",\"target\":{\"@type\":\"EntryPoint\",\"urlTemplate\":\"http:\/\/www.rugby-ooe.at\/?s={search_term_string}\"},\"query-input\":{\"@type\":\"PropertyValueSpecification\",\"valueRequired\":true,\"valueName\":\"search_term_string\"}}],\"inLanguage\":\"de\"},{\"@type\":\"Organization\",\"@id\":\"http:\/\/www.rugby-ooe.at\/#organization\",\"name\":\"Rugby O\u00d6\",\"url\":\"http:\/\/www.rugby-ooe.at\/\",\"logo\":{\"@type\":\"ImageObject\",\"inLanguage\":\"de\",\"@id\":\"http:\/\/www.rugby-ooe.at\/#\/schema\/logo\/image\/\",\"url\":\"http:\/\/www.rugby-ooe.at\/wp\/wp-content\/uploads\/2018\/01\/LFV-Logo-1.png\",\"contentUrl\":\"http:\/\/www.rugby-ooe.at\/wp\/wp-content\/uploads\/2018\/01\/LFV-Logo-1.png\",\"width\":550,\"height\":550,\"caption\":\"Rugby O\u00d6\"},\"image\":{\"@id\":\"http:\/\/www.rugby-ooe.at\/#\/schema\/logo\/image\/\"},\"sameAs\":[\"https:\/\/www.facebook.com\/RugbyLFVOberoesterreich\",\"https:\/\/www.instagram.com\/rugby_ooe\/\"]}]}<\/script>\n<!-- \/ Yoast SEO plugin. -->","yoast_head_json":{"title":"Schulrugby - Rugby O\u00d6","robots":{"index":"index","follow":"follow","max-snippet":"max-snippet:-1","max-image-preview":"max-image-preview:large","max-video-preview":"max-video-preview:-1"},"canonical":"http:\/\/www.rugby-ooe.at\/index.php\/schulrugby\/","og_locale":"de_DE","og_type":"article","og_title":"Schulrugby - Rugby O\u00d6","og_description":"In O\u00d6 l\u00e4uft bereits seit einigen Jahren eine Schulrugby-Offensive mit dem erkl\u00e4rten Ziel, Schul-Rugby-Teams in allen Altersklassen von U6 bis U18 zu bilden. \u00dcber 500 Kinder konnten jeweils in den letzten Jahren im Zuge von Schnupper-Einheiten bereits Rugby ausprobieren. Unsere","og_url":"http:\/\/www.rugby-ooe.at\/index.php\/schulrugby\/","og_site_name":"Rugby O\u00d6","article_publisher":"https:\/\/www.facebook.com\/RugbyLFVOberoesterreich","article_modified_time":"2025-08-13T07:48:40+00:00","og_image":[{"url":"http:\/\/www.rugby-ooe.at\/wp-content\/uploads\/2018\/01\/2017-09-28_maedchen-300x225.jpg"}],"twitter_card":"summary_large_image","twitter_misc":{"Gesch\u00e4tzte Lesezeit":"2\u00a0Minuten"},"schema":{"@context":"https:\/\/schema.org","@graph":[{"@type":"WebPage","@id":"http:\/\/www.rugby-ooe.at\/index.php\/schulrugby\/","url":"http:\/\/www.rugby-ooe.at\/index.php\/schulrugby\/","name":"Schulrugby - Rugby O\u00d6","isPartOf":{"@id":"http:\/\/www.rugby-ooe.at\/#website"},"datePublished":"2018-01-14T08:59:07+00:00","dateModified":"2025-08-13T07:48:40+00:00","breadcrumb":{"@id":"http:\/\/www.rugby-ooe.at\/index.php\/schulrugby\/#breadcrumb"},"inLanguage":"de","potentialAction":[{"@type":"ReadAction","target":["http:\/\/www.rugby-ooe.at\/index.php\/schulrugby\/"]}]},{"@type":"BreadcrumbList","@id":"http:\/\/www.rugby-ooe.at\/index.php\/schulrugby\/#breadcrumb","itemListElement":[{"@type":"ListItem","position":1,"name":"Home","item":"http:\/\/www.rugby-ooe.at\/"},{"@type":"ListItem","position":2,"name":"Schulrugby"}]},{"@type":"WebSite","@id":"http:\/\/www.rugby-ooe.at\/#website","url":"http:\/\/www.rugby-ooe.at\/","name":"Rugby O\u00d6","description":"Rugby Landesfachverband Ober\u00f6sterreich","publisher":{"@id":"http:\/\/www.rugby-ooe.at\/#organization"},"potentialAction":[{"@type":"SearchAction","target":{"@type":"EntryPoint","urlTemplate":"http:\/\/www.rugby-ooe.at\/?s={search_term_string}"},"query-input":{"@type":"PropertyValueSpecification","valueRequired":true,"valueName":"search_term_string"}}],"inLanguage":"de"},{"@type":"Organization","@id":"http:\/\/www.rugby-ooe.at\/#organization","name":"Rugby O\u00d6","url":"http:\/\/www.rugby-ooe.at\/","logo":{"@type":"ImageObject","inLanguage":"de","@id":"http:\/\/www.rugby-ooe.at\/#\/schema\/logo\/image\/","url":"http:\/\/www.rugby-ooe.at\/wp\/wp-content\/uploads\/2018\/01\/LFV-Logo-1.png","contentUrl":"http:\/\/www.rugby-ooe.at\/wp\/wp-content\/uploads\/2018\/01\/LFV-Logo-1.png","width":550,"height":550,"caption":"Rugby O\u00d6"},"image":{"@id":"http:\/\/www.rugby-ooe.at\/#\/schema\/logo\/image\/"},"sameAs":["https:\/\/www.facebook.com\/RugbyLFVOberoesterreich","https:\/\/www.instagram.com\/rugby_ooe\/"]}]}},"_links":{"self":[{"href":"http:\/\/www.rugby-ooe.at\/index.php\/wp-json\/wp\/v2\/pages\/17"}],"collection":[{"href":"http:\/\/www.rugby-ooe.at\/index.php\/wp-json\/wp\/v2\/pages"}],"about":[{"href":"http:\/\/www.rugby-ooe.at\/index.php\/wp-json\/wp\/v2\/types\/page"}],"author":[{"embeddable":true,"href":"http:\/\/www.rugby-ooe.at\/index.php\/wp-json\/wp\/v2\/users\/1"}],"replies":[{"embeddable":true,"href":"http:\/\/www.rugby-ooe.at\/index.php\/wp-json\/wp\/v2\/comments?post=17"}],"version-history":[{"count":10,"href":"http:\/\/www.rugby-ooe.at\/index.php\/wp-json\/wp\/v2\/pages\/17\/revisions"}],"predecessor-version":[{"id":893,"href":"http:\/\/www.rugby-ooe.at\/index.php\/wp-json\/wp\/v2\/pages\/17\/revisions\/893"}],"wp:attachment":[{"href":"http:\/\/www.rugby-ooe.at\/index.php\/wp-json\/wp\/v2\/media?parent=17"}],"curies":[{"name":"wp","href":"https:\/\/api.w.org\/{rel}","templated":true}]}}