{"id":66,"date":"2018-01-14T14:35:17","date_gmt":"2018-01-14T13:35:17","guid":{"rendered":"http:\/\/www.rugby-ooe.at\/wp\/?page_id=66"},"modified":"2023-10-31T10:41:59","modified_gmt":"2023-10-31T09:41:59","slug":"kontakt","status":"publish","type":"page","link":"http:\/\/www.rugby-ooe.at\/index.php\/kontakt\/","title":{"rendered":"Kontakt"},"content":{"rendered":"<p><strong>Rugby Landesfachverband O\u00d6<\/strong><br \/>\nZVR 561571437<br \/>\nH\u00f6lderlinstra\u00dfe 26<br \/>\nA-4040 Linz<br \/>\nTel: +43 650 991 30 91<br \/>\nE-Mail: office(at)rugby-ooe.at<br \/>\n<a href=\"https:\/\/www.facebook.com\/RugbyLFVOberoesterreich\/\" target=\"_blank\" rel=\"noopener\">Rugby O\u00d6 auf Facebook<\/a><\/p>\n<p><strong>Pr\u00e4sident<\/strong><br \/>\nMartin K\u00fchr<br \/>\nE-Mail: martin.kuehr(at)rugby-ooe.at<\/p>\n<p><strong>Landes-Trainer<\/strong><br \/>\nDavid Holby<br \/>\nE-Mail: david.holby(at)rugby-ooe.at<\/p>\n<p><strong>Rugby O\u00d6 15s Team-Manager<\/strong><br \/>\nTobias Ebner<br \/>\nE-Mail: tobias.ebner(at)rugby-ooe.at<\/p>\n<p><strong>Rugby O\u00d6 10s Team-Manager<\/strong><br \/>\nPeter P\u00f6lzleithner<br \/>\nE-Mail: peter.poelzleithner(at)rugby-ooe.at<\/p>\n<p><strong>PR Verantwortlicher<\/strong><br \/>\nDirk Baigent<br \/>\nE-Mail: pr(at)rugby-ooe.at<\/p>\n<p><strong>Landes-Schulsport-Referent<\/strong><br \/>\nEmanuel M\u00fcller<br \/>\nE-Mail: emanuel.mueller(at)rugby-ooe.at<\/p>\n<p><strong>Vize-Pr\u00e4sident, Kassier<\/strong><br \/>\nWolfgang Lohr<br \/>\nE-Mail: wolfgang.lohr(at)rugby-ooe.at<\/p>\n<p><strong>Vize-Pr\u00e4sidentin, Schriftf\u00fchrerin<\/strong><br \/>\nEdith Aicher<br \/>\nE-Mail: edith.aicher(at)rugby-ooe.at<\/p>\n<p><strong>Vize-Pr\u00e4sident, Schiedsrichter-Koordinator<\/strong><br \/>\nStefan Rothschedl<br \/>\nE-Mail: stefan.rothschedl(at)rugby-ooe.at<\/p>\n<p><strong>Vize-Pr\u00e4sident<\/strong><br \/>\nMoritz Rabelsberger<br \/>\nE-Mail: moritz.rabelsberger(at)rugby-ooe.at<\/p>\n","protected":false},"excerpt":{"rendered":"<p>Rugby Landesfachverband O\u00d6 ZVR 561571437 H\u00f6lderlinstra\u00dfe 26 A-4040 Linz Tel: +43 650 991 30 91 E-Mail: office(at)rugby-ooe.at Rugby O\u00d6 auf Facebook Pr\u00e4sident Martin K\u00fchr E-Mail: martin.kuehr(at)rugby-ooe.at Landes-Trainer David Holby E-Mail: david.holby(at)rugby-ooe.at Rugby O\u00d6 15s Team-Manager Tobias Ebner E-Mail: tobias.ebner(at)rugby-ooe.at Rugby<\/p>\n","protected":false},"author":1,"featured_media":0,"parent":0,"menu_order":0,"comment_status":"closed","ping_status":"closed","template":"page-templates\/template-contact.php","meta":{"footnotes":""},"class_list":["post-66","page","type-page","status-publish","hentry"],"yoast_head":"<!-- This site is optimized with the Yoast SEO plugin v23.9 - https:\/\/yoast.com\/wordpress\/plugins\/seo\/ -->\n<title>Kontakt - Rugby O\u00d6<\/title>\n<meta name=\"robots\" content=\"index, follow, max-snippet:-1, max-image-preview:large, max-video-preview:-1\" \/>\n<link rel=\"canonical\" href=\"http:\/\/www.rugby-ooe.at\/index.php\/kontakt\/\" \/>\n<meta property=\"og:locale\" content=\"de_DE\" \/>\n<meta property=\"og:type\" content=\"article\" \/>\n<meta property=\"og:title\" content=\"Kontakt - Rugby O\u00d6\" \/>\n<meta property=\"og:description\" content=\"Rugby Landesfachverband O\u00d6 ZVR 561571437 H\u00f6lderlinstra\u00dfe 26 A-4040 Linz Tel: +43 650 991 30 91 E-Mail: office(at)rugby-ooe.at Rugby O\u00d6 auf Facebook Pr\u00e4sident Martin K\u00fchr E-Mail: martin.kuehr(at)rugby-ooe.at Landes-Trainer David Holby E-Mail: david.holby(at)rugby-ooe.at Rugby O\u00d6 15s Team-Manager Tobias Ebner E-Mail: tobias.ebner(at)rugby-ooe.at Rugby\" \/>\n<meta property=\"og:url\" content=\"http:\/\/www.rugby-ooe.at\/index.php\/kontakt\/\" \/>\n<meta property=\"og:site_name\" content=\"Rugby O\u00d6\" \/>\n<meta property=\"article:publisher\" content=\"https:\/\/www.facebook.com\/RugbyLFVOberoesterreich\" \/>\n<meta property=\"article:modified_time\" content=\"2023-10-31T09:41:59+00:00\" \/>\n<meta name=\"twitter:card\" content=\"summary_large_image\" \/>\n<meta name=\"twitter:label1\" content=\"Gesch\u00e4tzte Lesezeit\" \/>\n\t<meta name=\"twitter:data1\" content=\"1\u00a0Minute\" \/>\n<script type=\"application\/ld+json\" class=\"yoast-schema-graph\">{\"@context\":\"https:\/\/schema.org\",\"@graph\":[{\"@type\":\"WebPage\",\"@id\":\"http:\/\/www.rugby-ooe.at\/index.php\/kontakt\/\",\"url\":\"http:\/\/www.rugby-ooe.at\/index.php\/kontakt\/\",\"name\":\"Kontakt - Rugby O\u00d6\",\"isPartOf\":{\"@id\":\"http:\/\/www.rugby-ooe.at\/#website\"},\"datePublished\":\"2018-01-14T13:35:17+00:00\",\"dateModified\":\"2023-10-31T09:41:59+00:00\",\"breadcrumb\":{\"@id\":\"http:\/\/www.rugby-ooe.at\/index.php\/kontakt\/#breadcrumb\"},\"inLanguage\":\"de\",\"potentialAction\":[{\"@type\":\"ReadAction\",\"target\":[\"http:\/\/www.rugby-ooe.at\/index.php\/kontakt\/\"]}]},{\"@type\":\"BreadcrumbList\",\"@id\":\"http:\/\/www.rugby-ooe.at\/index.php\/kontakt\/#breadcrumb\",\"itemListElement\":[{\"@type\":\"ListItem\",\"position\":1,\"name\":\"Home\",\"item\":\"http:\/\/www.rugby-ooe.at\/\"},{\"@type\":\"ListItem\",\"position\":2,\"name\":\"Kontakt\"}]},{\"@type\":\"WebSite\",\"@id\":\"http:\/\/www.rugby-ooe.at\/#website\",\"url\":\"http:\/\/www.rugby-ooe.at\/\",\"name\":\"Rugby O\u00d6\",\"description\":\"Rugby Landesfachverband Ober\u00f6sterreich\",\"publisher\":{\"@id\":\"http:\/\/www.rugby-ooe.at\/#organization\"},\"potentialAction\":[{\"@type\":\"SearchAction\",\"target\":{\"@type\":\"EntryPoint\",\"urlTemplate\":\"http:\/\/www.rugby-ooe.at\/?s={search_term_string}\"},\"query-input\":{\"@type\":\"PropertyValueSpecification\",\"valueRequired\":true,\"valueName\":\"search_term_string\"}}],\"inLanguage\":\"de\"},{\"@type\":\"Organization\",\"@id\":\"http:\/\/www.rugby-ooe.at\/#organization\",\"name\":\"Rugby O\u00d6\",\"url\":\"http:\/\/www.rugby-ooe.at\/\",\"logo\":{\"@type\":\"ImageObject\",\"inLanguage\":\"de\",\"@id\":\"http:\/\/www.rugby-ooe.at\/#\/schema\/logo\/image\/\",\"url\":\"http:\/\/www.rugby-ooe.at\/wp\/wp-content\/uploads\/2018\/01\/LFV-Logo-1.png\",\"contentUrl\":\"http:\/\/www.rugby-ooe.at\/wp\/wp-content\/uploads\/2018\/01\/LFV-Logo-1.png\",\"width\":550,\"height\":550,\"caption\":\"Rugby O\u00d6\"},\"image\":{\"@id\":\"http:\/\/www.rugby-ooe.at\/#\/schema\/logo\/image\/\"},\"sameAs\":[\"https:\/\/www.facebook.com\/RugbyLFVOberoesterreich\",\"https:\/\/www.instagram.com\/rugby_ooe\/\"]}]}<\/script>\n<!-- \/ Yoast SEO plugin. -->","yoast_head_json":{"title":"Kontakt - Rugby O\u00d6","robots":{"index":"index","follow":"follow","max-snippet":"max-snippet:-1","max-image-preview":"max-image-preview:large","max-video-preview":"max-video-preview:-1"},"canonical":"http:\/\/www.rugby-ooe.at\/index.php\/kontakt\/","og_locale":"de_DE","og_type":"article","og_title":"Kontakt - Rugby O\u00d6","og_description":"Rugby Landesfachverband O\u00d6 ZVR 561571437 H\u00f6lderlinstra\u00dfe 26 A-4040 Linz Tel: +43 650 991 30 91 E-Mail: office(at)rugby-ooe.at Rugby O\u00d6 auf Facebook Pr\u00e4sident Martin K\u00fchr E-Mail: martin.kuehr(at)rugby-ooe.at Landes-Trainer David Holby E-Mail: david.holby(at)rugby-ooe.at Rugby O\u00d6 15s Team-Manager Tobias Ebner E-Mail: tobias.ebner(at)rugby-ooe.at Rugby","og_url":"http:\/\/www.rugby-ooe.at\/index.php\/kontakt\/","og_site_name":"Rugby O\u00d6","article_publisher":"https:\/\/www.facebook.com\/RugbyLFVOberoesterreich","article_modified_time":"2023-10-31T09:41:59+00:00","twitter_card":"summary_large_image","twitter_misc":{"Gesch\u00e4tzte Lesezeit":"1\u00a0Minute"},"schema":{"@context":"https:\/\/schema.org","@graph":[{"@type":"WebPage","@id":"http:\/\/www.rugby-ooe.at\/index.php\/kontakt\/","url":"http:\/\/www.rugby-ooe.at\/index.php\/kontakt\/","name":"Kontakt - Rugby O\u00d6","isPartOf":{"@id":"http:\/\/www.rugby-ooe.at\/#website"},"datePublished":"2018-01-14T13:35:17+00:00","dateModified":"2023-10-31T09:41:59+00:00","breadcrumb":{"@id":"http:\/\/www.rugby-ooe.at\/index.php\/kontakt\/#breadcrumb"},"inLanguage":"de","potentialAction":[{"@type":"ReadAction","target":["http:\/\/www.rugby-ooe.at\/index.php\/kontakt\/"]}]},{"@type":"BreadcrumbList","@id":"http:\/\/www.rugby-ooe.at\/index.php\/kontakt\/#breadcrumb","itemListElement":[{"@type":"ListItem","position":1,"name":"Home","item":"http:\/\/www.rugby-ooe.at\/"},{"@type":"ListItem","position":2,"name":"Kontakt"}]},{"@type":"WebSite","@id":"http:\/\/www.rugby-ooe.at\/#website","url":"http:\/\/www.rugby-ooe.at\/","name":"Rugby O\u00d6","description":"Rugby Landesfachverband Ober\u00f6sterreich","publisher":{"@id":"http:\/\/www.rugby-ooe.at\/#organization"},"potentialAction":[{"@type":"SearchAction","target":{"@type":"EntryPoint","urlTemplate":"http:\/\/www.rugby-ooe.at\/?s={search_term_string}"},"query-input":{"@type":"PropertyValueSpecification","valueRequired":true,"valueName":"search_term_string"}}],"inLanguage":"de"},{"@type":"Organization","@id":"http:\/\/www.rugby-ooe.at\/#organization","name":"Rugby O\u00d6","url":"http:\/\/www.rugby-ooe.at\/","logo":{"@type":"ImageObject","inLanguage":"de","@id":"http:\/\/www.rugby-ooe.at\/#\/schema\/logo\/image\/","url":"http:\/\/www.rugby-ooe.at\/wp\/wp-content\/uploads\/2018\/01\/LFV-Logo-1.png","contentUrl":"http:\/\/www.rugby-ooe.at\/wp\/wp-content\/uploads\/2018\/01\/LFV-Logo-1.png","width":550,"height":550,"caption":"Rugby O\u00d6"},"image":{"@id":"http:\/\/www.rugby-ooe.at\/#\/schema\/logo\/image\/"},"sameAs":["https:\/\/www.facebook.com\/RugbyLFVOberoesterreich","https:\/\/www.instagram.com\/rugby_ooe\/"]}]}},"_links":{"self":[{"href":"http:\/\/www.rugby-ooe.at\/index.php\/wp-json\/wp\/v2\/pages\/66"}],"collection":[{"href":"http:\/\/www.rugby-ooe.at\/index.php\/wp-json\/wp\/v2\/pages"}],"about":[{"href":"http:\/\/www.rugby-ooe.at\/index.php\/wp-json\/wp\/v2\/types\/page"}],"author":[{"embeddable":true,"href":"http:\/\/www.rugby-ooe.at\/index.php\/wp-json\/wp\/v2\/users\/1"}],"replies":[{"embeddable":true,"href":"http:\/\/www.rugby-ooe.at\/index.php\/wp-json\/wp\/v2\/comments?post=66"}],"version-history":[{"count":11,"href":"http:\/\/www.rugby-ooe.at\/index.php\/wp-json\/wp\/v2\/pages\/66\/revisions"}],"predecessor-version":[{"id":796,"href":"http:\/\/www.rugby-ooe.at\/index.php\/wp-json\/wp\/v2\/pages\/66\/revisions\/796"}],"wp:attachment":[{"href":"http:\/\/www.rugby-ooe.at\/index.php\/wp-json\/wp\/v2\/media?parent=66"}],"curies":[{"name":"wp","href":"https:\/\/api.w.org\/{rel}","templated":true}]}}