{"id":693,"date":"2021-09-01T10:44:12","date_gmt":"2021-09-01T08:44:12","guid":{"rendered":"http:\/\/www.rugby-ooe.at\/?page_id=693"},"modified":"2023-11-16T11:00:34","modified_gmt":"2023-11-16T10:00:34","slug":"rugby-unterstuetzen","status":"publish","type":"page","link":"http:\/\/www.rugby-ooe.at\/index.php\/rugby-unterstuetzen\/","title":{"rendered":"Rugby unterst\u00fctzen"},"content":{"rendered":"<p><strong>Du willst Rugby in Ober\u00f6sterreich unterst\u00fctzen?<\/strong><br \/>\nWenn du Rugby O\u00d6 und seine Vereine unterst\u00fctzen willst, aber nicht als Spieler\/in aktiv sein kannst oder willst, kannst du&#8230;<\/p>\n<p><strong>Sponsor werden<\/strong><br \/>\nRugby O\u00d6 bietet zahlreiche M\u00f6glichkeiten, wie du dein Unternehmen pr\u00e4sentieren kannst. Mit einem Sponsoring f\u00fcr Rugby unterst\u00fctzt du einen sauberen Sport, der Kindern und Jugendlichen<br \/>\neine attraktive Alternative zu den klassischen \u00f6sterreichischen Sportarten bietet. Wir wollen deinem Unternehmen die f\u00fcr deine Produkte und Leistungen passenden Werbe-M\u00f6glichkeiten bieten und mit dir ein ma\u00dfgeschneidertes Paket vereinbaren, das deinen Bed\u00fcrfnissen und deinem Werbe-Budget gerecht wird \u2013 passende L\u00f6sungen finden wir in einem pers\u00f6nlichen Gespr\u00e4ch. N\u00e4here Informationen findest du in unserem <a href=\"http:\/\/www.rugby-ooe.at\/wp-content\/uploads\/2023\/11\/Rugby-OOE-Sponsoring.pdf\">Sponsoring-Folder<\/a>.<\/p>\n<p><strong>Funktion\u00e4r*in, Schiedsrichter*in, Trainer*in werden<\/strong><br \/>\nAuch rund um den Platz gibt es immer viel zu tun und spannende Aufgaben warten auf dich. Wir suchen engagierte Pers\u00f6nlichkeiten, die mit Zeit und pers\u00f6nlichem Einsatz unseren Sport voran bringen. Bei Interesse <a href=\"http:\/\/www.rugby-ooe.at\/index.php\/kontakt\/\">melde dich bei uns<\/a> und wir finden die f\u00fcr dich passende T\u00e4tigkeit. Besonders f\u00fcr all jene, die in fr\u00fcheren Jahren aktiv auf dem Platz gestanden sind, bietet sich eine Ausbildung zu Schiedsrichter*in oder Trainer*in an &#8211; aber auch in diesen Bereichen ist ein Quereinstieg m\u00f6glich.<\/p>\n<p><strong>Vereins-Mitglied werden<\/strong><br \/>\nViele beschreiben ihren Rugby-Verein als ihre zweite Familie. Man kommt nicht nur zu Training und Spielen zusammen &#8211; gemeinsame Ausfl\u00fcge, Feste, Public Viewings, Pub-Besuche etc. finden in allen Vereinen regelm\u00e4\u00dfig statt. Mit einer Mitgliedschaft bei <a href=\"http:\/\/www.rugby-ooe.at\/index.php\/vereine\/\">unseren Vereinen<\/a> kannst du Rugby finanziell unterst\u00fctzen, aber auch aktiv die Gemeinschaft mitgestalten.<\/p>\n<p><strong>Supporter&#8217;s Club Mitglied werden<\/strong><br \/>\nMit einem j\u00e4hrlichen Beitrag von 50\u20ac (plus gerne eine freiwillige Spende) kannst du Mitglied im &#8222;Rugby O\u00d6 Supporter&#8217;s Club&#8220; werden. Deine Vorteile:<br \/>\n&#8211; Regelm\u00e4\u00dfiger exklusiver Newsletter mit allen aktuellen Neuigkeiten rund um Rugby O\u00d6<br \/>\n&#8211; Ein Freigetr\u00e4nk pro 15er Bundesliga Heimspiel von Rugby O\u00d6<br \/>\n&#8211; Einladung zur Saison-Abschluss-Feier<br \/>\n&#8211; Au\u00dferordentliche Mitgliedschaft im Rugby Landesfachverband O\u00d6<br \/>\n<a href=\"https:\/\/forms.gle\/gk61MPScEnSb7Bik7\" target=\"_blank\" rel=\"noopener\">Hier geht&#8217;s zur Anmeldung<\/a> &#8211; oder gerne auch pers\u00f6nlich bei einem Mitglied unseres Vorstands.<\/p>\n","protected":false},"excerpt":{"rendered":"<p>Du willst Rugby in Ober\u00f6sterreich unterst\u00fctzen? Wenn du Rugby O\u00d6 und seine Vereine unterst\u00fctzen willst, aber nicht als Spieler\/in aktiv sein kannst oder willst, kannst du&#8230; Sponsor werden Rugby O\u00d6 bietet zahlreiche M\u00f6glichkeiten, wie du dein Unternehmen pr\u00e4sentieren kannst. Mit<\/p>\n","protected":false},"author":1,"featured_media":0,"parent":0,"menu_order":0,"comment_status":"closed","ping_status":"closed","template":"","meta":{"footnotes":""},"class_list":["post-693","page","type-page","status-publish","hentry"],"yoast_head":"<!-- This site is optimized with the Yoast SEO plugin v23.9 - https:\/\/yoast.com\/wordpress\/plugins\/seo\/ -->\n<title>Rugby unterst\u00fctzen - Rugby O\u00d6<\/title>\n<meta name=\"robots\" content=\"index, follow, max-snippet:-1, max-image-preview:large, max-video-preview:-1\" \/>\n<link rel=\"canonical\" href=\"http:\/\/www.rugby-ooe.at\/index.php\/rugby-unterstuetzen\/\" \/>\n<meta property=\"og:locale\" content=\"de_DE\" \/>\n<meta property=\"og:type\" content=\"article\" \/>\n<meta property=\"og:title\" content=\"Rugby unterst\u00fctzen - Rugby O\u00d6\" \/>\n<meta property=\"og:description\" content=\"Du willst Rugby in Ober\u00f6sterreich unterst\u00fctzen? Wenn du Rugby O\u00d6 und seine Vereine unterst\u00fctzen willst, aber nicht als Spieler\/in aktiv sein kannst oder willst, kannst du&#8230; Sponsor werden Rugby O\u00d6 bietet zahlreiche M\u00f6glichkeiten, wie du dein Unternehmen pr\u00e4sentieren kannst. Mit\" \/>\n<meta property=\"og:url\" content=\"http:\/\/www.rugby-ooe.at\/index.php\/rugby-unterstuetzen\/\" \/>\n<meta property=\"og:site_name\" content=\"Rugby O\u00d6\" \/>\n<meta property=\"article:publisher\" content=\"https:\/\/www.facebook.com\/RugbyLFVOberoesterreich\" \/>\n<meta property=\"article:modified_time\" content=\"2023-11-16T10:00:34+00:00\" \/>\n<meta name=\"twitter:card\" content=\"summary_large_image\" \/>\n<meta name=\"twitter:label1\" content=\"Gesch\u00e4tzte Lesezeit\" \/>\n\t<meta name=\"twitter:data1\" content=\"2\u00a0Minuten\" \/>\n<script type=\"application\/ld+json\" class=\"yoast-schema-graph\">{\"@context\":\"https:\/\/schema.org\",\"@graph\":[{\"@type\":\"WebPage\",\"@id\":\"http:\/\/www.rugby-ooe.at\/index.php\/rugby-unterstuetzen\/\",\"url\":\"http:\/\/www.rugby-ooe.at\/index.php\/rugby-unterstuetzen\/\",\"name\":\"Rugby unterst\u00fctzen - Rugby O\u00d6\",\"isPartOf\":{\"@id\":\"http:\/\/www.rugby-ooe.at\/#website\"},\"datePublished\":\"2021-09-01T08:44:12+00:00\",\"dateModified\":\"2023-11-16T10:00:34+00:00\",\"breadcrumb\":{\"@id\":\"http:\/\/www.rugby-ooe.at\/index.php\/rugby-unterstuetzen\/#breadcrumb\"},\"inLanguage\":\"de\",\"potentialAction\":[{\"@type\":\"ReadAction\",\"target\":[\"http:\/\/www.rugby-ooe.at\/index.php\/rugby-unterstuetzen\/\"]}]},{\"@type\":\"BreadcrumbList\",\"@id\":\"http:\/\/www.rugby-ooe.at\/index.php\/rugby-unterstuetzen\/#breadcrumb\",\"itemListElement\":[{\"@type\":\"ListItem\",\"position\":1,\"name\":\"Home\",\"item\":\"http:\/\/www.rugby-ooe.at\/\"},{\"@type\":\"ListItem\",\"position\":2,\"name\":\"Rugby unterst\u00fctzen\"}]},{\"@type\":\"WebSite\",\"@id\":\"http:\/\/www.rugby-ooe.at\/#website\",\"url\":\"http:\/\/www.rugby-ooe.at\/\",\"name\":\"Rugby O\u00d6\",\"description\":\"Rugby Landesfachverband Ober\u00f6sterreich\",\"publisher\":{\"@id\":\"http:\/\/www.rugby-ooe.at\/#organization\"},\"potentialAction\":[{\"@type\":\"SearchAction\",\"target\":{\"@type\":\"EntryPoint\",\"urlTemplate\":\"http:\/\/www.rugby-ooe.at\/?s={search_term_string}\"},\"query-input\":{\"@type\":\"PropertyValueSpecification\",\"valueRequired\":true,\"valueName\":\"search_term_string\"}}],\"inLanguage\":\"de\"},{\"@type\":\"Organization\",\"@id\":\"http:\/\/www.rugby-ooe.at\/#organization\",\"name\":\"Rugby O\u00d6\",\"url\":\"http:\/\/www.rugby-ooe.at\/\",\"logo\":{\"@type\":\"ImageObject\",\"inLanguage\":\"de\",\"@id\":\"http:\/\/www.rugby-ooe.at\/#\/schema\/logo\/image\/\",\"url\":\"http:\/\/www.rugby-ooe.at\/wp\/wp-content\/uploads\/2018\/01\/LFV-Logo-1.png\",\"contentUrl\":\"http:\/\/www.rugby-ooe.at\/wp\/wp-content\/uploads\/2018\/01\/LFV-Logo-1.png\",\"width\":550,\"height\":550,\"caption\":\"Rugby O\u00d6\"},\"image\":{\"@id\":\"http:\/\/www.rugby-ooe.at\/#\/schema\/logo\/image\/\"},\"sameAs\":[\"https:\/\/www.facebook.com\/RugbyLFVOberoesterreich\",\"https:\/\/www.instagram.com\/rugby_ooe\/\"]}]}<\/script>\n<!-- \/ Yoast SEO plugin. -->","yoast_head_json":{"title":"Rugby unterst\u00fctzen - Rugby O\u00d6","robots":{"index":"index","follow":"follow","max-snippet":"max-snippet:-1","max-image-preview":"max-image-preview:large","max-video-preview":"max-video-preview:-1"},"canonical":"http:\/\/www.rugby-ooe.at\/index.php\/rugby-unterstuetzen\/","og_locale":"de_DE","og_type":"article","og_title":"Rugby unterst\u00fctzen - Rugby O\u00d6","og_description":"Du willst Rugby in Ober\u00f6sterreich unterst\u00fctzen? Wenn du Rugby O\u00d6 und seine Vereine unterst\u00fctzen willst, aber nicht als Spieler\/in aktiv sein kannst oder willst, kannst du&#8230; Sponsor werden Rugby O\u00d6 bietet zahlreiche M\u00f6glichkeiten, wie du dein Unternehmen pr\u00e4sentieren kannst. Mit","og_url":"http:\/\/www.rugby-ooe.at\/index.php\/rugby-unterstuetzen\/","og_site_name":"Rugby O\u00d6","article_publisher":"https:\/\/www.facebook.com\/RugbyLFVOberoesterreich","article_modified_time":"2023-11-16T10:00:34+00:00","twitter_card":"summary_large_image","twitter_misc":{"Gesch\u00e4tzte Lesezeit":"2\u00a0Minuten"},"schema":{"@context":"https:\/\/schema.org","@graph":[{"@type":"WebPage","@id":"http:\/\/www.rugby-ooe.at\/index.php\/rugby-unterstuetzen\/","url":"http:\/\/www.rugby-ooe.at\/index.php\/rugby-unterstuetzen\/","name":"Rugby unterst\u00fctzen - Rugby O\u00d6","isPartOf":{"@id":"http:\/\/www.rugby-ooe.at\/#website"},"datePublished":"2021-09-01T08:44:12+00:00","dateModified":"2023-11-16T10:00:34+00:00","breadcrumb":{"@id":"http:\/\/www.rugby-ooe.at\/index.php\/rugby-unterstuetzen\/#breadcrumb"},"inLanguage":"de","potentialAction":[{"@type":"ReadAction","target":["http:\/\/www.rugby-ooe.at\/index.php\/rugby-unterstuetzen\/"]}]},{"@type":"BreadcrumbList","@id":"http:\/\/www.rugby-ooe.at\/index.php\/rugby-unterstuetzen\/#breadcrumb","itemListElement":[{"@type":"ListItem","position":1,"name":"Home","item":"http:\/\/www.rugby-ooe.at\/"},{"@type":"ListItem","position":2,"name":"Rugby unterst\u00fctzen"}]},{"@type":"WebSite","@id":"http:\/\/www.rugby-ooe.at\/#website","url":"http:\/\/www.rugby-ooe.at\/","name":"Rugby O\u00d6","description":"Rugby Landesfachverband Ober\u00f6sterreich","publisher":{"@id":"http:\/\/www.rugby-ooe.at\/#organization"},"potentialAction":[{"@type":"SearchAction","target":{"@type":"EntryPoint","urlTemplate":"http:\/\/www.rugby-ooe.at\/?s={search_term_string}"},"query-input":{"@type":"PropertyValueSpecification","valueRequired":true,"valueName":"search_term_string"}}],"inLanguage":"de"},{"@type":"Organization","@id":"http:\/\/www.rugby-ooe.at\/#organization","name":"Rugby O\u00d6","url":"http:\/\/www.rugby-ooe.at\/","logo":{"@type":"ImageObject","inLanguage":"de","@id":"http:\/\/www.rugby-ooe.at\/#\/schema\/logo\/image\/","url":"http:\/\/www.rugby-ooe.at\/wp\/wp-content\/uploads\/2018\/01\/LFV-Logo-1.png","contentUrl":"http:\/\/www.rugby-ooe.at\/wp\/wp-content\/uploads\/2018\/01\/LFV-Logo-1.png","width":550,"height":550,"caption":"Rugby O\u00d6"},"image":{"@id":"http:\/\/www.rugby-ooe.at\/#\/schema\/logo\/image\/"},"sameAs":["https:\/\/www.facebook.com\/RugbyLFVOberoesterreich","https:\/\/www.instagram.com\/rugby_ooe\/"]}]}},"_links":{"self":[{"href":"http:\/\/www.rugby-ooe.at\/index.php\/wp-json\/wp\/v2\/pages\/693"}],"collection":[{"href":"http:\/\/www.rugby-ooe.at\/index.php\/wp-json\/wp\/v2\/pages"}],"about":[{"href":"http:\/\/www.rugby-ooe.at\/index.php\/wp-json\/wp\/v2\/types\/page"}],"author":[{"embeddable":true,"href":"http:\/\/www.rugby-ooe.at\/index.php\/wp-json\/wp\/v2\/users\/1"}],"replies":[{"embeddable":true,"href":"http:\/\/www.rugby-ooe.at\/index.php\/wp-json\/wp\/v2\/comments?post=693"}],"version-history":[{"count":5,"href":"http:\/\/www.rugby-ooe.at\/index.php\/wp-json\/wp\/v2\/pages\/693\/revisions"}],"predecessor-version":[{"id":833,"href":"http:\/\/www.rugby-ooe.at\/index.php\/wp-json\/wp\/v2\/pages\/693\/revisions\/833"}],"wp:attachment":[{"href":"http:\/\/www.rugby-ooe.at\/index.php\/wp-json\/wp\/v2\/media?parent=693"}],"curies":[{"name":"wp","href":"https:\/\/api.w.org\/{rel}","templated":true}]}}